{"id":1995,"date":"2024-08-30T08:39:26","date_gmt":"2024-08-30T08:39:26","guid":{"rendered":"https:\/\/kreatum.es\/?page_id=1995"},"modified":"2024-08-30T08:48:49","modified_gmt":"2024-08-30T08:48:49","slug":"politica-de-privacidade","status":"publish","type":"page","link":"https:\/\/kreatum.es\/pt-br\/politica-de-privacidade\/","title":{"rendered":"Pol\u00edtica de Privacidade"},"content":{"rendered":"\t\t<div data-elementor-type=\"wp-page\" data-elementor-id=\"1995\" class=\"elementor elementor-1995\" data-elementor-post-type=\"page\">\n\t\t\t\t\t\t<section class=\"elementor-section elementor-top-section elementor-element elementor-element-c781ed6 elementor-section-boxed elementor-section-height-default elementor-section-height-default\" data-id=\"c781ed6\" data-element_type=\"section\" data-e-type=\"section\">\n\t\t\t\t\t\t<div class=\"elementor-container elementor-column-gap-default\">\n\t\t\t\t\t<div class=\"elementor-column elementor-col-100 elementor-top-column elementor-element elementor-element-f32db20\" data-id=\"f32db20\" data-element_type=\"column\" data-e-type=\"column\">\n\t\t\t<div class=\"elementor-widget-wrap elementor-element-populated\">\n\t\t\t\t\t\t<div class=\"elementor-element elementor-element-f47b24b elementor-widget elementor-widget-heading\" data-id=\"f47b24b\" data-element_type=\"widget\" data-e-type=\"widget\" data-widget_type=\"heading.default\">\n\t\t\t\t<div class=\"elementor-widget-container\">\n\t\t\t\t\t<h2 class=\"elementor-heading-title elementor-size-default\">Pol\u00edtica de Privacidade<\/h2>\t\t\t\t<\/div>\n\t\t\t\t<\/div>\n\t\t\t\t\t<\/div>\n\t\t<\/div>\n\t\t\t\t\t<\/div>\n\t\t<\/section>\n\t\t\t\t<section class=\"elementor-section elementor-top-section elementor-element elementor-element-97b4264 elementor-section-boxed elementor-section-height-default elementor-section-height-default\" data-id=\"97b4264\" data-element_type=\"section\" data-e-type=\"section\">\n\t\t\t\t\t\t<div class=\"elementor-container elementor-column-gap-default\">\n\t\t\t\t\t<div class=\"elementor-column elementor-col-100 elementor-top-column elementor-element elementor-element-9a5ddcc\" data-id=\"9a5ddcc\" data-element_type=\"column\" data-e-type=\"column\">\n\t\t\t<div class=\"elementor-widget-wrap elementor-element-populated\">\n\t\t\t\t\t\t<div class=\"elementor-element elementor-element-4667263 elementor-widget elementor-widget-text-editor\" data-id=\"4667263\" data-element_type=\"widget\" data-e-type=\"widget\" data-widget_type=\"text-editor.default\">\n\t\t\t\t<div class=\"elementor-widget-container\">\n\t\t\t\t\t\t\t\t\t<p><strong>1. DADOS DO RESPONS\u00c1VEL PELO TRATAMENTO<\/strong><br \/><strong>Raz\u00e3o Social:<\/strong> GFS Consulting Group (doravante, a &#8220;Empresa&#8221; ou o &#8220;Respons\u00e1vel&#8221;).<br \/><strong>CNPJ: <\/strong>B13306428<br \/><strong>Endere\u00e7o: <\/strong>Paseo de la Castellana, 141 \u2013 28046 (Madrid)<br \/><strong>Telefone: <\/strong>+34 902 120 567<br \/><strong>Email para comunica\u00e7\u00f5es em mat\u00e9ria de Prote\u00e7\u00e3o de Dados:<\/strong> info@kreatum.es<\/p><p><strong>1.1. Normativa Aplic\u00e1vel<\/strong><\/p><p>Nossa Pol\u00edtica de Privacidade foi elaborada de acordo com o Regulamento Geral de Prote\u00e7\u00e3o de Dados da UE 2016\/679 do Parlamento Europeu e do Conselho, de 27 de abril de 2016, relativo \u00e0 prote\u00e7\u00e3o das pessoas f\u00edsicas no que diz respeito ao tratamento de dados pessoais e \u00e0 livre circula\u00e7\u00e3o desses dados, e pela qual se revoga a Diretiva 95\/46\/CE (Regulamento Geral de Prote\u00e7\u00e3o de Dados), e pela Lei Org\u00e2nica 3\/2018 de 5 de dezembro, de Prote\u00e7\u00e3o de Dados Pessoais e Garantia dos Direitos Digitais.<\/p><p>Ao nos fornecer seus dados, voc\u00ea declara ter lido e compreendido a presente Pol\u00edtica de Privacidade, prestando seu consentimento inequ\u00edvoco e expresso para o tratamento de seus dados pessoais de acordo com as finalidades e termos aqui expressos.<\/p><p>A Empresa poder\u00e1 modificar a presente Pol\u00edtica de Privacidade para adapt\u00e1-la \u00e0s novidades legislativas, jurisprudenciais ou de interpreta\u00e7\u00e3o da Ag\u00eancia Espanhola de Prote\u00e7\u00e3o de Dados. Estas condi\u00e7\u00f5es de privacidade poder\u00e3o ser complementadas pelo Aviso Legal, Pol\u00edtica de Cookies e as Condi\u00e7\u00f5es Gerais que, se for o caso, sejam inclu\u00eddas para determinados produtos ou servi\u00e7os, caso esse acesso envolva alguma particularidade em mat\u00e9ria de prote\u00e7\u00e3o de dados pessoais.<\/p><p><strong>1.2. Encarregado de Prote\u00e7\u00e3o de Dados<\/strong><\/p><p>N\u00e3o h\u00e1 Encarregado de Prote\u00e7\u00e3o de Dados designado.<\/p><p><strong>2. FINALIDADE DO TRATAMENTO DOS DADOS PESSOAIS<\/strong><br \/>O tratamento que realizamos dos seus dados pessoais tem como finalidade:<\/p><ul><li>Fornecer-lhe informa\u00e7\u00f5es relacionadas com os produtos e servi\u00e7os oferecidos por nossa empresa e detalhados neste website.<\/li><li>Realizar a contrata\u00e7\u00e3o de nossos servi\u00e7os mediante a aceita\u00e7\u00e3o do correspondente or\u00e7amento\/pedido e\/ou a assinatura de um contrato comercial.<\/li><li>Enviar-lhe por e-mail e\/ou correio postal as not\u00edcias e novidades sobre nossa entidade, bem como as atualiza\u00e7\u00f5es de nosso cat\u00e1logo de produtos e servi\u00e7os.<\/li><\/ul><p><strong>2.1. Prazo de Conserva\u00e7\u00e3o dos Seus Dados<\/strong><\/p><p>Conservaremos seus dados pessoais desde o momento em que nos d\u00ea seu consentimento at\u00e9 que o revogue ou solicite a limita\u00e7\u00e3o do tratamento. Nesses casos, manteremos seus dados bloqueados pelos prazos legalmente exigidos.<\/p><p><strong>3. LEGITIMIDADE E DADOS COLETADOS<\/strong><br \/>A legitimidade para o tratamento dos seus dados \u00e9 o consentimento expresso concedido por meio de um ato positivo e afirmativo (preenchimento do formul\u00e1rio correspondente e marca\u00e7\u00e3o da caixa de aceita\u00e7\u00e3o desta pol\u00edtica) no momento em que nos fornecer seus dados pessoais.<\/p><p><strong>3.1. Consentimento para Tratar seus Dados<\/strong><\/p><p>Ao preencher os formul\u00e1rios, marcar a caixa &#8220;Aceito a Pol\u00edtica de Privacidade&#8221; e clicar para enviar os dados, ou ao enviar e-mails para a Empresa por meio das contas habilitadas para esse fim, o Usu\u00e1rio manifesta ter lido e aceitado expressamente a presente pol\u00edtica de privacidade, e concede seu consentimento inequ\u00edvoco e expresso para o tratamento dos seus dados pessoais conforme as finalidades indicadas.<\/p><p><strong>3.2. Categorias de Dados<\/strong><\/p><p>Os dados coletados referem-se \u00e0 categoria de dados identificativos, como: Nome e Sobrenome, Telefone, Endere\u00e7o Postal, Empresa, E-mail, bem como o endere\u00e7o IP de onde voc\u00ea acessa o formul\u00e1rio de coleta de dados.<\/p><p><strong>4. MEDIDAS DE SEGURAN\u00c7A<\/strong><br \/>Dentro de nosso compromisso em garantir a seguran\u00e7a e a confidencialidade dos seus dados pessoais, informamos que adotamos as medidas t\u00e9cnicas e organizativas necess\u00e1rias para garantir a seguran\u00e7a dos dados pessoais e evitar sua altera\u00e7\u00e3o, perda, tratamento ou acesso n\u00e3o autorizado, levando em conta o estado da tecnologia, a natureza dos dados armazenados e os riscos aos quais est\u00e3o expostos, conforme o Art. 32 do RGPD UE 679\/2016.<\/p><p><strong>5. CESS\u00c3O DE DADOS<\/strong><br \/>N\u00e3o est\u00e3o previstas cess\u00f5es de dados ou transfer\u00eancias internacionais dos seus dados, exceto as autorizadas pela legisla\u00e7\u00e3o fiscal, comercial e de telecomunica\u00e7\u00f5es, bem como nos casos em que uma autoridade judicial nos exija.<\/p><p><strong>6. DIREITOS DO USU\u00c1RIO<\/strong><br \/>Qualquer interessado tem o direito de obter confirma\u00e7\u00e3o sobre se estamos tratando dados pessoais que lhe digam respeito, ou n\u00e3o. As pessoas interessadas t\u00eam o direito de acessar seus dados pessoais, bem como de solicitar a retifica\u00e7\u00e3o dos dados inexatos ou, conforme o caso, solicitar a supress\u00e3o quando, entre outros motivos, os dados j\u00e1 n\u00e3o sejam necess\u00e1rios para os fins para os quais foram coletados. Em determinadas circunst\u00e2ncias, os interessados poder\u00e3o solicitar a limita\u00e7\u00e3o do tratamento dos seus dados, caso em que os conservaremos apenas para o exerc\u00edcio ou a defesa de reclama\u00e7\u00f5es. Por motivos relacionados \u00e0 sua situa\u00e7\u00e3o particular, os interessados poder\u00e3o se opor ao tratamento dos seus dados. O Respons\u00e1vel pelo arquivo deixar\u00e1 de tratar os dados, salvo por motivos leg\u00edtimos imperiosos, ou pelo exerc\u00edcio ou defesa de poss\u00edveis reclama\u00e7\u00f5es.<\/p><p>De acordo com a legisla\u00e7\u00e3o vigente, voc\u00ea tem os seguintes direitos: direito de solicitar o acesso aos seus dados pessoais, direito de solicitar sua retifica\u00e7\u00e3o ou supress\u00e3o, direito de solicitar a limita\u00e7\u00e3o do seu tratamento, direito de se opor ao tratamento, direito \u00e0 portabilidade dos dados e, tamb\u00e9m, de revogar o consentimento concedido. Al\u00e9m disso, voc\u00ea tem o direito de apresentar uma reclama\u00e7\u00e3o \u00e0 Ag\u00eancia Espanhola de Prote\u00e7\u00e3o de Dados.<\/p><p><strong>6.1. Como Exercitar Meus Direitos<\/strong><\/p><p>Para exercer seus direitos, voc\u00ea deve entrar em contato com o respons\u00e1vel, solicitando o formul\u00e1rio correspondente para o exerc\u00edcio do direito escolhido. Opcionalmente, voc\u00ea pode recorrer \u00e0 Autoridade de Controle competente para obter informa\u00e7\u00f5es adicionais sobre seus direitos. Os dados de contato para o exerc\u00edcio de seus direitos s\u00e3o o telefone \u2014- e o e-mail: \u2014-. Lembre-se de anexar uma c\u00f3pia de um documento que nos permita identific\u00e1-lo.<\/p><p><strong>7. CONSENTIMENTO PARA ENVIO DE COMUNICA\u00c7\u00d5ES ELETR\u00d4NICAS<\/strong><br \/>Al\u00e9m disso, e de acordo com o disposto na Lei 34\/2002, de 11 de julho, de Servi\u00e7os da Sociedade da Informa\u00e7\u00e3o e Com\u00e9rcio Eletr\u00f4nico, ao preencher o formul\u00e1rio de coleta de dados e marcar a caixa correspondente &#8220;Aceito o envio de comunica\u00e7\u00f5es eletr\u00f4nicas&#8221;, voc\u00ea est\u00e1 concedendo seu consentimento expresso para que enviemos \u00e0 sua conta de e-mail, telefone, fax ou outro meio eletr\u00f4nico informa\u00e7\u00f5es sobre a Empresa.<\/p>\t\t\t\t\t\t\t\t<\/div>\n\t\t\t\t<\/div>\n\t\t\t\t\t<\/div>\n\t\t<\/div>\n\t\t\t\t\t<\/div>\n\t\t<\/section>\n\t\t\t\t<\/div>\n\t\t","protected":false},"excerpt":{"rendered":"<p>1. DADOS DO RESPONS\u00c1VEL PELO TRATAMENTORaz\u00e3o Social: GFS Consulting Group (doravante, a &#8220;Empresa&#8221; ou o &#8220;Respons\u00e1vel&#8221;).CNPJ: B13306428Endere\u00e7o: Paseo de la Castellana, 141 \u2013 28046 (Madrid)Telefone: +34 902 120 567Email para comunica\u00e7\u00f5es em mat\u00e9ria de Prote\u00e7\u00e3o de Dados: info@kreatum.es 1.1. Normativa Aplic\u00e1vel Nossa Pol\u00edtica de Privacidade foi elaborada de acordo com o Regulamento Geral de Prote\u00e7\u00e3o [&hellip;]<\/p>\n","protected":false},"author":1,"featured_media":0,"parent":0,"menu_order":0,"comment_status":"closed","ping_status":"closed","template":"","meta":{"inline_featured_image":false,"footnotes":""},"class_list":["post-1995","page","type-page","status-publish","hentry"],"yoast_head":"<!-- This site is optimized with the Yoast SEO plugin v27.3 - https:\/\/yoast.com\/product\/yoast-seo-wordpress\/ -->\n<title>Pol\u00edtica de Privacidade - Kreatum<\/title>\n<meta name=\"robots\" content=\"index, follow, max-snippet:-1, max-image-preview:large, max-video-preview:-1\" \/>\n<link rel=\"canonical\" href=\"https:\/\/kreatum.es\/pt-br\/politica-de-privacidade\/\" \/>\n<meta property=\"og:locale\" content=\"pt_BR\" \/>\n<meta property=\"og:type\" content=\"article\" \/>\n<meta property=\"og:title\" content=\"Pol\u00edtica de Privacidade - Kreatum\" \/>\n<meta property=\"og:description\" content=\"1. DADOS DO RESPONS\u00c1VEL PELO TRATAMENTORaz\u00e3o Social: GFS Consulting Group (doravante, a &#8220;Empresa&#8221; ou o &#8220;Respons\u00e1vel&#8221;).CNPJ: B13306428Endere\u00e7o: Paseo de la Castellana, 141 \u2013 28046 (Madrid)Telefone: +34 902 120 567Email para comunica\u00e7\u00f5es em mat\u00e9ria de Prote\u00e7\u00e3o de Dados: info@kreatum.es 1.1. Normativa Aplic\u00e1vel Nossa Pol\u00edtica de Privacidade foi elaborada de acordo com o Regulamento Geral de Prote\u00e7\u00e3o [&hellip;]\" \/>\n<meta property=\"og:url\" content=\"https:\/\/kreatum.es\/pt-br\/politica-de-privacidade\/\" \/>\n<meta property=\"og:site_name\" content=\"Kreatum\" \/>\n<meta property=\"article:modified_time\" content=\"2024-08-30T08:48:49+00:00\" \/>\n<meta name=\"twitter:card\" content=\"summary_large_image\" \/>\n<meta name=\"twitter:label1\" content=\"Est. tempo de leitura\" \/>\n\t<meta name=\"twitter:data1\" content=\"6 minutos\" \/>\n<script type=\"application\/ld+json\" class=\"yoast-schema-graph\">{\"@context\":\"https:\\\/\\\/schema.org\",\"@graph\":[{\"@type\":\"WebPage\",\"@id\":\"https:\\\/\\\/kreatum.es\\\/pt-br\\\/politica-de-privacidade\\\/\",\"url\":\"https:\\\/\\\/kreatum.es\\\/pt-br\\\/politica-de-privacidade\\\/\",\"name\":\"Pol\u00edtica de Privacidade - Kreatum\",\"isPartOf\":{\"@id\":\"https:\\\/\\\/kreatum.es\\\/#website\"},\"datePublished\":\"2024-08-30T08:39:26+00:00\",\"dateModified\":\"2024-08-30T08:48:49+00:00\",\"breadcrumb\":{\"@id\":\"https:\\\/\\\/kreatum.es\\\/pt-br\\\/politica-de-privacidade\\\/#breadcrumb\"},\"inLanguage\":\"pt-BR\",\"potentialAction\":[{\"@type\":\"ReadAction\",\"target\":[\"https:\\\/\\\/kreatum.es\\\/pt-br\\\/politica-de-privacidade\\\/\"]}]},{\"@type\":\"BreadcrumbList\",\"@id\":\"https:\\\/\\\/kreatum.es\\\/pt-br\\\/politica-de-privacidade\\\/#breadcrumb\",\"itemListElement\":[{\"@type\":\"ListItem\",\"position\":1,\"name\":\"Portada\",\"item\":\"https:\\\/\\\/kreatum.es\\\/\"},{\"@type\":\"ListItem\",\"position\":2,\"name\":\"Pol\u00edtica de Privacidade\"}]},{\"@type\":\"WebSite\",\"@id\":\"https:\\\/\\\/kreatum.es\\\/#website\",\"url\":\"https:\\\/\\\/kreatum.es\\\/\",\"name\":\"Kreatum\",\"description\":\"Proactividad e Innovaci\u00f3n\",\"potentialAction\":[{\"@type\":\"SearchAction\",\"target\":{\"@type\":\"EntryPoint\",\"urlTemplate\":\"https:\\\/\\\/kreatum.es\\\/?s={search_term_string}\"},\"query-input\":{\"@type\":\"PropertyValueSpecification\",\"valueRequired\":true,\"valueName\":\"search_term_string\"}}],\"inLanguage\":\"pt-BR\"}]}<\/script>\n<!-- \/ Yoast SEO plugin. -->","yoast_head_json":{"title":"Pol\u00edtica de Privacidade - Kreatum","robots":{"index":"index","follow":"follow","max-snippet":"max-snippet:-1","max-image-preview":"max-image-preview:large","max-video-preview":"max-video-preview:-1"},"canonical":"https:\/\/kreatum.es\/pt-br\/politica-de-privacidade\/","og_locale":"pt_BR","og_type":"article","og_title":"Pol\u00edtica de Privacidade - Kreatum","og_description":"1. DADOS DO RESPONS\u00c1VEL PELO TRATAMENTORaz\u00e3o Social: GFS Consulting Group (doravante, a &#8220;Empresa&#8221; ou o &#8220;Respons\u00e1vel&#8221;).CNPJ: B13306428Endere\u00e7o: Paseo de la Castellana, 141 \u2013 28046 (Madrid)Telefone: +34 902 120 567Email para comunica\u00e7\u00f5es em mat\u00e9ria de Prote\u00e7\u00e3o de Dados: info@kreatum.es 1.1. Normativa Aplic\u00e1vel Nossa Pol\u00edtica de Privacidade foi elaborada de acordo com o Regulamento Geral de Prote\u00e7\u00e3o [&hellip;]","og_url":"https:\/\/kreatum.es\/pt-br\/politica-de-privacidade\/","og_site_name":"Kreatum","article_modified_time":"2024-08-30T08:48:49+00:00","twitter_card":"summary_large_image","twitter_misc":{"Est. tempo de leitura":"6 minutos"},"schema":{"@context":"https:\/\/schema.org","@graph":[{"@type":"WebPage","@id":"https:\/\/kreatum.es\/pt-br\/politica-de-privacidade\/","url":"https:\/\/kreatum.es\/pt-br\/politica-de-privacidade\/","name":"Pol\u00edtica de Privacidade - Kreatum","isPartOf":{"@id":"https:\/\/kreatum.es\/#website"},"datePublished":"2024-08-30T08:39:26+00:00","dateModified":"2024-08-30T08:48:49+00:00","breadcrumb":{"@id":"https:\/\/kreatum.es\/pt-br\/politica-de-privacidade\/#breadcrumb"},"inLanguage":"pt-BR","potentialAction":[{"@type":"ReadAction","target":["https:\/\/kreatum.es\/pt-br\/politica-de-privacidade\/"]}]},{"@type":"BreadcrumbList","@id":"https:\/\/kreatum.es\/pt-br\/politica-de-privacidade\/#breadcrumb","itemListElement":[{"@type":"ListItem","position":1,"name":"Portada","item":"https:\/\/kreatum.es\/"},{"@type":"ListItem","position":2,"name":"Pol\u00edtica de Privacidade"}]},{"@type":"WebSite","@id":"https:\/\/kreatum.es\/#website","url":"https:\/\/kreatum.es\/","name":"Kreatum","description":"Proactividad e Innovaci\u00f3n","potentialAction":[{"@type":"SearchAction","target":{"@type":"EntryPoint","urlTemplate":"https:\/\/kreatum.es\/?s={search_term_string}"},"query-input":{"@type":"PropertyValueSpecification","valueRequired":true,"valueName":"search_term_string"}}],"inLanguage":"pt-BR"}]}},"_links":{"self":[{"href":"https:\/\/kreatum.es\/pt-br\/wp-json\/wp\/v2\/pages\/1995","targetHints":{"allow":["GET"]}}],"collection":[{"href":"https:\/\/kreatum.es\/pt-br\/wp-json\/wp\/v2\/pages"}],"about":[{"href":"https:\/\/kreatum.es\/pt-br\/wp-json\/wp\/v2\/types\/page"}],"author":[{"embeddable":true,"href":"https:\/\/kreatum.es\/pt-br\/wp-json\/wp\/v2\/users\/1"}],"replies":[{"embeddable":true,"href":"https:\/\/kreatum.es\/pt-br\/wp-json\/wp\/v2\/comments?post=1995"}],"version-history":[{"count":13,"href":"https:\/\/kreatum.es\/pt-br\/wp-json\/wp\/v2\/pages\/1995\/revisions"}],"predecessor-version":[{"id":2013,"href":"https:\/\/kreatum.es\/pt-br\/wp-json\/wp\/v2\/pages\/1995\/revisions\/2013"}],"wp:attachment":[{"href":"https:\/\/kreatum.es\/pt-br\/wp-json\/wp\/v2\/media?parent=1995"}],"curies":[{"name":"wp","href":"https:\/\/api.w.org\/{rel}","templated":true}]}}